{"id":865,"date":"2023-01-09T16:43:52","date_gmt":"2023-01-09T16:43:52","guid":{"rendered":"https:\/\/marvero.it\/crew\/"},"modified":"2025-04-02T17:59:51","modified_gmt":"2025-04-02T17:59:51","slug":"crew","status":"publish","type":"page","link":"https:\/\/marvero.it\/fr\/crew\/","title":{"rendered":"Crew"},"content":{"rendered":"\n<p>L\u2019equipaggio \u00e8 la parte fondamentale per la buona riuscita di una crociera.<\/p>\n\n\n\n<p>Il consiglio che possiamo darVi \u00e8 quello di chiedere informazioni in merito al personale di bordo prima di confermare una crociera.<br>Un buon equipaggio fa la differenza, i membri pi\u00f9 importanti a bordo sono il Comandante ed il cuoco, per questo motivo in questa pagina troverete le loro \u201cbiografie\u201d, una pagina in cui abbiamo dato loro&nbsp;libert\u00e0 di parlare di s\u00e9.<\/p>\n\n\n\n<p>Vi Presentiamo l\u2019equipaggio del&nbsp;Caicco Kaptan Yilmaz.<\/p>\n\n\n\n<div class=\"wp-block-media-text alignwide is-stacked-on-mobile\" style=\"grid-template-columns:36% auto\"><figure class=\"wp-block-media-text__media\"><img loading=\"lazy\" decoding=\"async\" width=\"753\" height=\"753\" src=\"https:\/\/marvero.it\/wp-content\/uploads\/2023\/01\/comandante.jpg\" alt=\"\" class=\"wp-image-280 size-full\" srcset=\"https:\/\/marvero.it\/wp-content\/uploads\/2023\/01\/comandante.jpg 753w, https:\/\/marvero.it\/wp-content\/uploads\/2023\/01\/comandante-300x300.jpg 300w, https:\/\/marvero.it\/wp-content\/uploads\/2023\/01\/comandante-150x150.jpg 150w, https:\/\/marvero.it\/wp-content\/uploads\/2023\/01\/comandante-480x480.jpg 480w\" sizes=\"auto, (max-width: 753px) 100vw, 753px\" \/><\/figure><div class=\"wp-block-media-text__content\">\n<h2 class=\"wp-block-heading\">Fabrizio Delia<\/h2>\n\n\n\n<h3 class=\"wp-block-heading\">Il Comandante<\/h3>\n\n\n\n<p>nato nel 1979, a Messina astemio e non fumatore<\/p>\n\n\n\n<p><strong>Miglia percorse:<\/strong>\u00a030.500<\/p>\n\n\n\n<p>Lingue parlate: Italiano e Inglese<\/p>\n<\/div><\/div>\n\n\n\n<h3 class=\"wp-block-heading\">Titoli e corsi posseduti:<\/h3>\n\n\n\n<ul class=\"wp-block-list\">\n<li><strong>Master 200GT<\/strong>&nbsp;(Comandante fino a 200 tonnellate), certificazione riconosciuta da I.M.O.&nbsp;(International Maritime Organization)<\/li>\n\n\n\n<li><strong>Yacht Master<\/strong>&nbsp;(Comandante fino &nbsp;a 200 tonnellate, marina mercantile Inglese)<\/li>\n\n\n\n<li><strong>HELM<\/strong>&nbsp;( Human Element Leadership &amp; Management)<\/li>\n\n\n\n<li><strong>Allievo ufficiale<\/strong>&nbsp;della marina mercantile Italiana<\/li>\n\n\n\n<li><strong>Patente nautica&nbsp;vela\/motore senza limiti<\/strong><\/li>\n\n\n\n<li><strong>Brevetto da sommozzatore<\/strong>&nbsp;Anis advanced<\/li>\n\n\n\n<li>Corso<strong>&nbsp;PSSR<\/strong>&nbsp;(Sicurezza personale e responsabilit\u00e0 sociali)<\/li>\n\n\n\n<li>Corso&nbsp;<strong>Antincendio<\/strong><\/li>\n\n\n\n<li>Corso&nbsp;<strong>Sopravvivenza e salvataggio<\/strong><\/li>\n\n\n\n<li>Corso&nbsp;<strong>Primo soccorso elementare<\/strong><\/li>\n\n\n\n<li>Corso&nbsp;<strong>Primo soccorso<\/strong><\/li>\n\n\n\n<li>Corso&nbsp;<strong>Security<\/strong><\/li>\n\n\n\n<li><strong>MAMS<\/strong>&nbsp;(Marittimo Abilitato ad i Mezzi di Soccorso)<\/li>\n\n\n\n<li><strong>GMDSS<\/strong>&nbsp;(Global Maritime Distress and Safety System)<\/li>\n\n\n\n<li>Corso&nbsp;<strong>Radar<\/strong><\/li>\n\n\n\n<li>Corso&nbsp;<strong>Radar arpa<\/strong><\/li>\n<\/ul>\n\n\n\n<p><\/p>\n\n\n\n<p>In queste righe prover\u00f2 a farvi capire con largo anticipo la passione che mi ha indirizzato ad effettuare questo lavoro, e che mi da la \u201ccarica\u201d ogni giorno affinch\u00e9 la vostra vacanza rimanga una delle pi\u00f9 belle esperienze vissute.<\/p>\n\n\n\n<p>Fin da bambino ho vissuto a stretto contatto con il mare, il \u201cmio\u201d mare l\u2019ho sempre identificato nello Stretto di Messina, famoso o meglio, famigerato, per le sue correnti e la sua pericolosit\u00e0. Gi\u00e0 durante l\u2019adolescenza ho voluto dare una direzione al mio futuro, anche se il nautico di Messina non \u00e8 stato per me un vero e proprio trampolino di lancio per la nautica.<\/p>\n\n\n\n<p>I primi corsi di vela li ho frequentati a 16 anni, con le derive. Vi assicuro che scuffiare a Novembre con un laser nello stretto con l\u2019acqua che assomiglia a quella polare mi ha aiutato a scegliere con estrema decisione e velocit\u00e0 la vela d\u2019altura. Inizialmente mi sono dedicato alle classiche regate locali, per poi vivere esperienze pi\u00f9 importanti quali la Rolex Middle Sea Race nel 2005, la regata che partendo da Malta fa la circumnavigazione della Sicilia senza scalo e in seguito diverse edizioni della regata tra Brindisi-Kerkyra. Queste esperienze mi hanno dato la possibilit\u00e0 di affiancare vari amici\/armatori, con cui regatavo o per cui facevo i trasferimenti dalla Francia alla Sicilia delle barche pi\u00f9 performanti che acquistavano \u2026 e chi doveva occuparsi di portare alla base i nuovi \u201cgiocattoli\u201d se non il prodiere?<\/p>\n\n\n\n<p>Purtroppo tutti i trasferimenti avvengono nel periodo invernale, ragion per cui non c\u2019\u00e8 la possibilit\u00e0 di godersi i piaceri che solo il mare estivo sa regalare, ma solo perturbazioni da dover evitare, cose di cui quasi mai si riesce a far pratica.<\/p>\n\n\n\n<p>Tra una regata ed un trasferimento, quasi per gioco, ho iniziato la mia \u201ccarriera\u201d con un gruppo di ragazzi Veronesi. Questo gruppo affitt\u00f2 una barca a vela di 14 metri da una societ\u00e0 di un amico che mi chiese la cortesia di far da skipper e far divertire in sicurezza i suoi clienti, era il \u201999. Conclusa questa crociera si sono susseguiti altri gruppi di equipaggi e famiglie che con soddisfazione e&nbsp;quasi un pizzico di stupore erano sempre entusiasti e soddisfatti della loro vacanza che filava liscia anche grazie a me.<\/p>\n\n\n\n<p>Nel 2007 con un amico siamo partiti alla volta della Turchia per cercare la barca giusta, molte casualit\u00e0 e tanta fortuna ci hanno permesso di acquistarne una. Il primo caicco di 21 metri, 6 cabine ed un solo motore. Portarlo in Italia a Febbraio non \u00e8 stata proprio una vacanza, ma siamo riusciti nell\u2019impresa.<\/p>\n\n\n\n<p>Dopo i lavori di ristrutturazione \u00e8 arrivata la prima stagione caratterizzata da molto entusiasmo e qualche problema ma, con molta fatica, siamo riusciti a far s\u00ec che i nostri ospiti non si accorgessero di nulla o meglio, si accorsero solo del motivo che ci animava ossia molta passione per il mare, per le \u201cnostre\u201d Eolie e non ultima la voglia di far conoscere la classica ospitalit\u00e0 Siciliana.<\/p>\n\n\n\n<p>Si sono susseguite altre stagioni la seconda, la terza, la quarta\u2026 fino a superare la quindicesima, fortunatamente con equipaggi nuovi, ma anche con tantissimi ritorni, segno tangibile del mio impegno ed entusiasmo.<br>Nel Dicembre del 2009 in Italia ho \u201ctrovato\u201d per caso quella che poi \u00e8 diventata la mia barca: Il Caicco KAPTAN YILMAZ II di 27 metri, due motori,&nbsp;elica di prua e ben 8 cabine, decisamente una barca pi\u00f9 generosa negli spazi.<\/p>\n\n\n\n<p>La dimensione di questo Veliero richiede la ricerca di un equipaggio adatto, l\u2019esperienza mi ha indirizzato a&nbsp;selezionare un gruppo di&nbsp;persone non sempre professioniste ma appassionate, quelle che spesso&nbsp;si rivelano pi\u00f9 efficienti e pi\u00f9 attente a realizzare il mio motto, che \u00e8 : Imbarcare clienti e sbarcare amici!<\/p>\n\n\n\n<p>Fortunatamente sono riuscito nel mio&nbsp;obiettivo: far conoscere l\u2019essenza della Sicilia, il suo mare, i suoi sapori.<\/p>\n\n\n\n<h2 class=\"wp-block-heading\">MARCO<\/h2>\n\n\n\n<h3 class=\"wp-block-heading\">Il cuoco<\/h3>\n\n\n\n<p>Italiano, 30 anni<\/p>\n\n\n\n<p><strong>Lingue parlate:<\/strong> Italiano e Inglese<\/p>\n\n\n\n<p>Ha ereditato l\u2019amore per la cucina da suo nonno paterno, proprietario di un\u2019antica rosticceria nel Messinese. Crescendo ha deciso di specializzarsi nel settore della cucina e di investirci tutte le sue risorse. All\u2019et\u00e0 di 20 anni ha aperto un ristorante in modo da deliziare i suoi clienti con i piatti tipici della tradizione, acquistando ben presto una clientela molto vasta.<\/p>\n\n\n\n<p>Quando la passione per il mare si \u00e8 fatta sentire, ha pensato bene di avvicinarsi alla nautica e di unire le due cose. Sebbene in spazi molto ridotti, Marco offre ai passeggeri piatti di grande gusto, soddisfacendo le pi\u00f9 svariate esigenze.<\/p>\n\n\n\n<p>Ad oggi vanta un\u2019esperienza biennale a bordo di questa tipologia di barca, ma la sua dedizione e attenzione ai piatti gli hanno permesso di crescere in fretta. Cerca di offrire a suoi ospiti i sapori pi\u00f9 autentici della sua terra e i gusti pi\u00f9 tipici, selezionando accuratamente le materie prime, i suoi piatti e gli abbinamenti.<\/p>\n\n\n\n<p>I suoi piatti forti sono presi dalla tradizione messinese, ma \u00e8 pronto a soddisfare pi\u00f9 disparate: vegani, vegetariani, intolleranze\u2026.<\/p>\n\n\n\n<h2 class=\"wp-block-heading\">Francesca<\/h2>\n\n\n\n<h3 class=\"wp-block-heading\">Responsabile degli approvvigionamenti<\/h3>\n\n\n\n<p>Italiana, 30 anni<\/p>\n\n\n\n<p><strong>Lingue parlate:<\/strong> Italiano, Inglese<\/p>\n\n\n\n<p>Laureata in giurisprudenza, si affaccia al mondo della nautica per \u201cuscire fuori dalle righe\u201d pensando che qualche mese a bordo non avrebbe cambiato la sua vita. Dopo un anno di servizio in qualit\u00e0 di hostess a bordo del caicco, decide che questa \u00e8 la sua \u201cvita\u201d, sono gi\u00e0 7 anni che collabora con la MarVero.<\/p>\n\n\n\n<p>Durante la stagione estiva il suo ruolo \u00e8 curare tutti gli approvvigionamenti necessari affinch\u00e9 gli ospiti abbiano quanto richiesto per trascorrere una settimana di vacanza nel massimo confort. Durante il periodo invernale, rispolverando le competenze giuridiche, assiste la societ\u00e0 nell\u2019assolvimento dei numerosi adempimenti richiesti dalla normativa di settore<\/p>\n\n\n\n<p>La conoscenza delle lingue e le certificazioni conseguite le hanno permesso di approcciarsi anche ai passeggeri stranieri facendoli sentire a casa mantenendo fede all\u2019ospitalit\u00e0 Siciliana.<\/p>\n\n\n\n<p class=\"has-large-font-size\"><strong>Iasmina<\/strong><\/p>\n\n\n\n<p><strong>Addetta all&rsquo;accoglienza<\/strong><\/p>\n\n\n\n<p><strong>Lingue parlate<\/strong>: Italiano, Inglese, Francese, Rumeno, Coreano<\/p>\n\n\n\n<p>Mi chiamo Iasmina ho 24 anni, \u00e8 da un po&rsquo; di tempo che lavoro come hostess su questo caicco ed \u00e8 un esperienza lavorativa fantastica, non solo unisce la mia passione per il mare ma, permette anche di entrare in contatto con nuove persone di diversa nazionalit\u00e0, nuovi ambienti che mi stimolano a fare sempre meglio.<br>Ed \u00e8 per questo che mi impegno a trasmettere agli ospiti la stessa gioia che ricavo dall&rsquo;ambiente in cui mi trovo, \u00e9 un piacere poter condividere le nozioni che la mia laurea in scienze ambientali marine mi ha dato con gli ospiti a bordo, per creare un luogo non solo ricco di divertimento e relax ma anche informativo sotto certi aspetti.<\/p>\n","protected":false},"excerpt":{"rendered":"<p>L\u2019equipaggio \u00e8 la parte fondamentale per la buona riuscita di una crociera. Il consiglio che possiamo darVi \u00e8 quello di chiedere informazioni in merito al personale di bordo prima di confermare una crociera.Un buon equipaggio fa la differenza, i membri pi\u00f9 importanti a bordo sono il Comandante ed il cuoco, per questo motivo in questa [&hellip;]<\/p>\n","protected":false},"author":1,"featured_media":0,"parent":0,"menu_order":0,"comment_status":"closed","ping_status":"closed","template":"page-default.php","meta":{"_acf_changed":false,"footnotes":""},"class_list":["post-865","page","type-page","status-publish","hentry"],"acf":[],"yoast_head":"<!-- This site is optimized with the Yoast SEO plugin v27.5 - https:\/\/yoast.com\/product\/yoast-seo-wordpress\/ -->\n<title>Crew - Marvero<\/title>\n<meta name=\"robots\" content=\"index, follow, max-snippet:-1, max-image-preview:large, max-video-preview:-1\" \/>\n<link rel=\"canonical\" href=\"https:\/\/marvero.it\/fr\/crew\/\" \/>\n<meta property=\"og:locale\" content=\"fr_FR\" \/>\n<meta property=\"og:type\" content=\"article\" \/>\n<meta property=\"og:title\" content=\"Crew - Marvero\" \/>\n<meta property=\"og:description\" content=\"L\u2019equipaggio \u00e8 la parte fondamentale per la buona riuscita di una crociera. Il consiglio che possiamo darVi \u00e8 quello di chiedere informazioni in merito al personale di bordo prima di confermare una crociera.Un buon equipaggio fa la differenza, i membri pi\u00f9 importanti a bordo sono il Comandante ed il cuoco, per questo motivo in questa [&hellip;]\" \/>\n<meta property=\"og:url\" content=\"https:\/\/marvero.it\/fr\/crew\/\" \/>\n<meta property=\"og:site_name\" content=\"Marvero\" \/>\n<meta property=\"article:modified_time\" content=\"2025-04-02T17:59:51+00:00\" \/>\n<meta property=\"og:image\" content=\"https:\/\/marvero.it\/wp-content\/uploads\/2023\/01\/comandante.jpg\" \/>\n\t<meta property=\"og:image:width\" content=\"753\" \/>\n\t<meta property=\"og:image:height\" content=\"753\" \/>\n\t<meta property=\"og:image:type\" content=\"image\/jpeg\" \/>\n<meta name=\"twitter:card\" content=\"summary_large_image\" \/>\n<meta name=\"twitter:label1\" content=\"Dur\u00e9e de lecture estim\u00e9e\" \/>\n\t<meta name=\"twitter:data1\" content=\"7 minutes\" \/>\n<script type=\"application\/ld+json\" class=\"yoast-schema-graph\">{\"@context\":\"https:\\\/\\\/schema.org\",\"@graph\":[{\"@type\":\"WebPage\",\"@id\":\"https:\\\/\\\/marvero.it\\\/fr\\\/crew\\\/\",\"url\":\"https:\\\/\\\/marvero.it\\\/fr\\\/crew\\\/\",\"name\":\"Crew - Marvero\",\"isPartOf\":{\"@id\":\"https:\\\/\\\/marvero.it\\\/fr\\\/#website\"},\"primaryImageOfPage\":{\"@id\":\"https:\\\/\\\/marvero.it\\\/fr\\\/crew\\\/#primaryimage\"},\"image\":{\"@id\":\"https:\\\/\\\/marvero.it\\\/fr\\\/crew\\\/#primaryimage\"},\"thumbnailUrl\":\"https:\\\/\\\/marvero.it\\\/wp-content\\\/uploads\\\/2023\\\/01\\\/comandante.jpg\",\"datePublished\":\"2023-01-09T16:43:52+00:00\",\"dateModified\":\"2025-04-02T17:59:51+00:00\",\"breadcrumb\":{\"@id\":\"https:\\\/\\\/marvero.it\\\/fr\\\/crew\\\/#breadcrumb\"},\"inLanguage\":\"fr-FR\",\"potentialAction\":[{\"@type\":\"ReadAction\",\"target\":[\"https:\\\/\\\/marvero.it\\\/fr\\\/crew\\\/\"]}]},{\"@type\":\"ImageObject\",\"inLanguage\":\"fr-FR\",\"@id\":\"https:\\\/\\\/marvero.it\\\/fr\\\/crew\\\/#primaryimage\",\"url\":\"https:\\\/\\\/marvero.it\\\/wp-content\\\/uploads\\\/2023\\\/01\\\/comandante.jpg\",\"contentUrl\":\"https:\\\/\\\/marvero.it\\\/wp-content\\\/uploads\\\/2023\\\/01\\\/comandante.jpg\"},{\"@type\":\"BreadcrumbList\",\"@id\":\"https:\\\/\\\/marvero.it\\\/fr\\\/crew\\\/#breadcrumb\",\"itemListElement\":[{\"@type\":\"ListItem\",\"position\":1,\"name\":\"Home\",\"item\":\"https:\\\/\\\/marvero.it\\\/fr\\\/\"},{\"@type\":\"ListItem\",\"position\":2,\"name\":\"Crew\"}]},{\"@type\":\"WebSite\",\"@id\":\"https:\\\/\\\/marvero.it\\\/fr\\\/#website\",\"url\":\"https:\\\/\\\/marvero.it\\\/fr\\\/\",\"name\":\"Marvero\",\"description\":\"\",\"publisher\":{\"@id\":\"https:\\\/\\\/marvero.it\\\/fr\\\/#organization\"},\"potentialAction\":[{\"@type\":\"SearchAction\",\"target\":{\"@type\":\"EntryPoint\",\"urlTemplate\":\"https:\\\/\\\/marvero.it\\\/fr\\\/?s={search_term_string}\"},\"query-input\":{\"@type\":\"PropertyValueSpecification\",\"valueRequired\":true,\"valueName\":\"search_term_string\"}}],\"inLanguage\":\"fr-FR\"},{\"@type\":\"Organization\",\"@id\":\"https:\\\/\\\/marvero.it\\\/fr\\\/#organization\",\"name\":\"Marvero\",\"url\":\"https:\\\/\\\/marvero.it\\\/fr\\\/\",\"logo\":{\"@type\":\"ImageObject\",\"inLanguage\":\"fr-FR\",\"@id\":\"https:\\\/\\\/marvero.it\\\/fr\\\/#\\\/schema\\\/logo\\\/image\\\/\",\"url\":\"https:\\\/\\\/marvero.it\\\/wp-content\\\/uploads\\\/2022\\\/12\\\/logo_marvero.png\",\"contentUrl\":\"https:\\\/\\\/marvero.it\\\/wp-content\\\/uploads\\\/2022\\\/12\\\/logo_marvero.png\",\"width\":318,\"height\":148,\"caption\":\"Marvero\"},\"image\":{\"@id\":\"https:\\\/\\\/marvero.it\\\/fr\\\/#\\\/schema\\\/logo\\\/image\\\/\"}}]}<\/script>\n<!-- \/ Yoast SEO plugin. -->","yoast_head_json":{"title":"Crew - Marvero","robots":{"index":"index","follow":"follow","max-snippet":"max-snippet:-1","max-image-preview":"max-image-preview:large","max-video-preview":"max-video-preview:-1"},"canonical":"https:\/\/marvero.it\/fr\/crew\/","og_locale":"fr_FR","og_type":"article","og_title":"Crew - Marvero","og_description":"L\u2019equipaggio \u00e8 la parte fondamentale per la buona riuscita di una crociera. Il consiglio che possiamo darVi \u00e8 quello di chiedere informazioni in merito al personale di bordo prima di confermare una crociera.Un buon equipaggio fa la differenza, i membri pi\u00f9 importanti a bordo sono il Comandante ed il cuoco, per questo motivo in questa [&hellip;]","og_url":"https:\/\/marvero.it\/fr\/crew\/","og_site_name":"Marvero","article_modified_time":"2025-04-02T17:59:51+00:00","og_image":[{"width":753,"height":753,"url":"https:\/\/marvero.it\/wp-content\/uploads\/2023\/01\/comandante.jpg","type":"image\/jpeg"}],"twitter_card":"summary_large_image","twitter_misc":{"Dur\u00e9e de lecture estim\u00e9e":"7 minutes"},"schema":{"@context":"https:\/\/schema.org","@graph":[{"@type":"WebPage","@id":"https:\/\/marvero.it\/fr\/crew\/","url":"https:\/\/marvero.it\/fr\/crew\/","name":"Crew - Marvero","isPartOf":{"@id":"https:\/\/marvero.it\/fr\/#website"},"primaryImageOfPage":{"@id":"https:\/\/marvero.it\/fr\/crew\/#primaryimage"},"image":{"@id":"https:\/\/marvero.it\/fr\/crew\/#primaryimage"},"thumbnailUrl":"https:\/\/marvero.it\/wp-content\/uploads\/2023\/01\/comandante.jpg","datePublished":"2023-01-09T16:43:52+00:00","dateModified":"2025-04-02T17:59:51+00:00","breadcrumb":{"@id":"https:\/\/marvero.it\/fr\/crew\/#breadcrumb"},"inLanguage":"fr-FR","potentialAction":[{"@type":"ReadAction","target":["https:\/\/marvero.it\/fr\/crew\/"]}]},{"@type":"ImageObject","inLanguage":"fr-FR","@id":"https:\/\/marvero.it\/fr\/crew\/#primaryimage","url":"https:\/\/marvero.it\/wp-content\/uploads\/2023\/01\/comandante.jpg","contentUrl":"https:\/\/marvero.it\/wp-content\/uploads\/2023\/01\/comandante.jpg"},{"@type":"BreadcrumbList","@id":"https:\/\/marvero.it\/fr\/crew\/#breadcrumb","itemListElement":[{"@type":"ListItem","position":1,"name":"Home","item":"https:\/\/marvero.it\/fr\/"},{"@type":"ListItem","position":2,"name":"Crew"}]},{"@type":"WebSite","@id":"https:\/\/marvero.it\/fr\/#website","url":"https:\/\/marvero.it\/fr\/","name":"Marvero","description":"","publisher":{"@id":"https:\/\/marvero.it\/fr\/#organization"},"potentialAction":[{"@type":"SearchAction","target":{"@type":"EntryPoint","urlTemplate":"https:\/\/marvero.it\/fr\/?s={search_term_string}"},"query-input":{"@type":"PropertyValueSpecification","valueRequired":true,"valueName":"search_term_string"}}],"inLanguage":"fr-FR"},{"@type":"Organization","@id":"https:\/\/marvero.it\/fr\/#organization","name":"Marvero","url":"https:\/\/marvero.it\/fr\/","logo":{"@type":"ImageObject","inLanguage":"fr-FR","@id":"https:\/\/marvero.it\/fr\/#\/schema\/logo\/image\/","url":"https:\/\/marvero.it\/wp-content\/uploads\/2022\/12\/logo_marvero.png","contentUrl":"https:\/\/marvero.it\/wp-content\/uploads\/2022\/12\/logo_marvero.png","width":318,"height":148,"caption":"Marvero"},"image":{"@id":"https:\/\/marvero.it\/fr\/#\/schema\/logo\/image\/"}}]}},"_links":{"self":[{"href":"https:\/\/marvero.it\/fr\/wp-json\/wp\/v2\/pages\/865","targetHints":{"allow":["GET"]}}],"collection":[{"href":"https:\/\/marvero.it\/fr\/wp-json\/wp\/v2\/pages"}],"about":[{"href":"https:\/\/marvero.it\/fr\/wp-json\/wp\/v2\/types\/page"}],"author":[{"embeddable":true,"href":"https:\/\/marvero.it\/fr\/wp-json\/wp\/v2\/users\/1"}],"replies":[{"embeddable":true,"href":"https:\/\/marvero.it\/fr\/wp-json\/wp\/v2\/comments?post=865"}],"version-history":[{"count":2,"href":"https:\/\/marvero.it\/fr\/wp-json\/wp\/v2\/pages\/865\/revisions"}],"predecessor-version":[{"id":1503,"href":"https:\/\/marvero.it\/fr\/wp-json\/wp\/v2\/pages\/865\/revisions\/1503"}],"wp:attachment":[{"href":"https:\/\/marvero.it\/fr\/wp-json\/wp\/v2\/media?parent=865"}],"curies":[{"name":"wp","href":"https:\/\/api.w.org\/{rel}","templated":true}]}}