{"id":1745,"date":"2026-04-03T05:18:38","date_gmt":"2026-04-03T05:18:38","guid":{"rendered":"https:\/\/marvero.it\/?page_id=1745"},"modified":"2026-04-03T05:21:54","modified_gmt":"2026-04-03T05:21:54","slug":"droits-et-credits-des-images","status":"publish","type":"page","link":"https:\/\/marvero.it\/fr\/droits-et-credits-des-images\/","title":{"rendered":"Droits et cr\u00e9dits des images"},"content":{"rendered":"\n<p>Sauf indication contraire, les images pr\u00e9sentes sur ce site sont la propri\u00e9t\u00e9 exclusive de Marvero et ne peuvent \u00eatre copi\u00e9es, reproduites, distribu\u00e9es ou r\u00e9utilis\u00e9es sans autorisation \u00e9crite pr\u00e9alable.<\/p>\n\n\n\n<p>Une partie limit\u00e9e des contenus visuels utilis\u00e9s sur ce site provient de sources externes.<\/p>\n\n\n\n<h2 class=\"wp-block-heading\">Cr\u00e9dits des images tierces<\/h2>\n\n\n\n<ul class=\"wp-block-list\">\n<li>Auteur : Calum Lewis<br>Source : Unsplash<br>Lien de l\u2019image : https:\/\/unsplash.com\/photos\/rPkgYDh2bmo<br>Utilis\u00e9e sur la page : https:\/\/marvero.it\/fr\/experience\/degustazione-eoliana\/<\/li>\n<\/ul>\n\n\n\n<h2 class=\"wp-block-heading\">Signalements<\/h2>\n\n\n\n<p>Si vous estimez qu\u2019un contenu pr\u00e9sent sur ce site viole vos droits, vous pouvez nous contacter \u00e0 l\u2019adresse suivante : info@marvero.it. Nous proc\u00e9derons \u00e0 une v\u00e9rification et, si n\u00e9cessaire, \u00e0 une suppression rapide<\/p>\n","protected":false},"excerpt":{"rendered":"<p>Sauf indication contraire, les images pr\u00e9sentes sur ce site sont la propri\u00e9t\u00e9 exclusive de Marvero et ne peuvent \u00eatre copi\u00e9es, reproduites, distribu\u00e9es ou r\u00e9utilis\u00e9es sans autorisation \u00e9crite pr\u00e9alable. Une partie limit\u00e9e des contenus visuels utilis\u00e9s sur ce site provient de sources externes. Cr\u00e9dits des images tierces Signalements Si vous estimez qu\u2019un contenu pr\u00e9sent sur ce [&hellip;]<\/p>\n","protected":false},"author":1,"featured_media":0,"parent":0,"menu_order":0,"comment_status":"closed","ping_status":"closed","template":"page-default.php","meta":{"_acf_changed":false,"footnotes":""},"class_list":["post-1745","page","type-page","status-publish","hentry"],"acf":[],"yoast_head":"<!-- This site is optimized with the Yoast SEO plugin v27.5 - https:\/\/yoast.com\/product\/yoast-seo-wordpress\/ -->\n<title>Droits et cr\u00e9dits des images - Marvero<\/title>\n<meta name=\"robots\" content=\"index, follow, max-snippet:-1, max-image-preview:large, max-video-preview:-1\" \/>\n<link rel=\"canonical\" href=\"https:\/\/marvero.it\/fr\/droits-et-credits-des-images\/\" \/>\n<meta property=\"og:locale\" content=\"fr_FR\" \/>\n<meta property=\"og:type\" content=\"article\" \/>\n<meta property=\"og:title\" content=\"Droits et cr\u00e9dits des images - Marvero\" \/>\n<meta property=\"og:description\" content=\"Sauf indication contraire, les images pr\u00e9sentes sur ce site sont la propri\u00e9t\u00e9 exclusive de Marvero et ne peuvent \u00eatre copi\u00e9es, reproduites, distribu\u00e9es ou r\u00e9utilis\u00e9es sans autorisation \u00e9crite pr\u00e9alable. Une partie limit\u00e9e des contenus visuels utilis\u00e9s sur ce site provient de sources externes. Cr\u00e9dits des images tierces Signalements Si vous estimez qu\u2019un contenu pr\u00e9sent sur ce [&hellip;]\" \/>\n<meta property=\"og:url\" content=\"https:\/\/marvero.it\/fr\/droits-et-credits-des-images\/\" \/>\n<meta property=\"og:site_name\" content=\"Marvero\" \/>\n<meta property=\"article:modified_time\" content=\"2026-04-03T05:21:54+00:00\" \/>\n<meta name=\"twitter:card\" content=\"summary_large_image\" \/>\n<meta name=\"twitter:label1\" content=\"Dur\u00e9e de lecture estim\u00e9e\" \/>\n\t<meta name=\"twitter:data1\" content=\"1 minute\" \/>\n<script type=\"application\/ld+json\" class=\"yoast-schema-graph\">{\"@context\":\"https:\\\/\\\/schema.org\",\"@graph\":[{\"@type\":\"WebPage\",\"@id\":\"https:\\\/\\\/marvero.it\\\/fr\\\/droits-et-credits-des-images\\\/\",\"url\":\"https:\\\/\\\/marvero.it\\\/fr\\\/droits-et-credits-des-images\\\/\",\"name\":\"Droits et cr\u00e9dits des images - Marvero\",\"isPartOf\":{\"@id\":\"https:\\\/\\\/marvero.it\\\/fr\\\/#website\"},\"datePublished\":\"2026-04-03T05:18:38+00:00\",\"dateModified\":\"2026-04-03T05:21:54+00:00\",\"breadcrumb\":{\"@id\":\"https:\\\/\\\/marvero.it\\\/fr\\\/droits-et-credits-des-images\\\/#breadcrumb\"},\"inLanguage\":\"fr-FR\",\"potentialAction\":[{\"@type\":\"ReadAction\",\"target\":[\"https:\\\/\\\/marvero.it\\\/fr\\\/droits-et-credits-des-images\\\/\"]}]},{\"@type\":\"BreadcrumbList\",\"@id\":\"https:\\\/\\\/marvero.it\\\/fr\\\/droits-et-credits-des-images\\\/#breadcrumb\",\"itemListElement\":[{\"@type\":\"ListItem\",\"position\":1,\"name\":\"Home\",\"item\":\"https:\\\/\\\/marvero.it\\\/fr\\\/\"},{\"@type\":\"ListItem\",\"position\":2,\"name\":\"Droits et cr\u00e9dits des images\"}]},{\"@type\":\"WebSite\",\"@id\":\"https:\\\/\\\/marvero.it\\\/fr\\\/#website\",\"url\":\"https:\\\/\\\/marvero.it\\\/fr\\\/\",\"name\":\"Marvero\",\"description\":\"\",\"publisher\":{\"@id\":\"https:\\\/\\\/marvero.it\\\/fr\\\/#organization\"},\"potentialAction\":[{\"@type\":\"SearchAction\",\"target\":{\"@type\":\"EntryPoint\",\"urlTemplate\":\"https:\\\/\\\/marvero.it\\\/fr\\\/?s={search_term_string}\"},\"query-input\":{\"@type\":\"PropertyValueSpecification\",\"valueRequired\":true,\"valueName\":\"search_term_string\"}}],\"inLanguage\":\"fr-FR\"},{\"@type\":\"Organization\",\"@id\":\"https:\\\/\\\/marvero.it\\\/fr\\\/#organization\",\"name\":\"Marvero\",\"url\":\"https:\\\/\\\/marvero.it\\\/fr\\\/\",\"logo\":{\"@type\":\"ImageObject\",\"inLanguage\":\"fr-FR\",\"@id\":\"https:\\\/\\\/marvero.it\\\/fr\\\/#\\\/schema\\\/logo\\\/image\\\/\",\"url\":\"https:\\\/\\\/marvero.it\\\/wp-content\\\/uploads\\\/2022\\\/12\\\/logo_marvero.png\",\"contentUrl\":\"https:\\\/\\\/marvero.it\\\/wp-content\\\/uploads\\\/2022\\\/12\\\/logo_marvero.png\",\"width\":318,\"height\":148,\"caption\":\"Marvero\"},\"image\":{\"@id\":\"https:\\\/\\\/marvero.it\\\/fr\\\/#\\\/schema\\\/logo\\\/image\\\/\"}}]}<\/script>\n<!-- \/ Yoast SEO plugin. -->","yoast_head_json":{"title":"Droits et cr\u00e9dits des images - Marvero","robots":{"index":"index","follow":"follow","max-snippet":"max-snippet:-1","max-image-preview":"max-image-preview:large","max-video-preview":"max-video-preview:-1"},"canonical":"https:\/\/marvero.it\/fr\/droits-et-credits-des-images\/","og_locale":"fr_FR","og_type":"article","og_title":"Droits et cr\u00e9dits des images - Marvero","og_description":"Sauf indication contraire, les images pr\u00e9sentes sur ce site sont la propri\u00e9t\u00e9 exclusive de Marvero et ne peuvent \u00eatre copi\u00e9es, reproduites, distribu\u00e9es ou r\u00e9utilis\u00e9es sans autorisation \u00e9crite pr\u00e9alable. Une partie limit\u00e9e des contenus visuels utilis\u00e9s sur ce site provient de sources externes. Cr\u00e9dits des images tierces Signalements Si vous estimez qu\u2019un contenu pr\u00e9sent sur ce [&hellip;]","og_url":"https:\/\/marvero.it\/fr\/droits-et-credits-des-images\/","og_site_name":"Marvero","article_modified_time":"2026-04-03T05:21:54+00:00","twitter_card":"summary_large_image","twitter_misc":{"Dur\u00e9e de lecture estim\u00e9e":"1 minute"},"schema":{"@context":"https:\/\/schema.org","@graph":[{"@type":"WebPage","@id":"https:\/\/marvero.it\/fr\/droits-et-credits-des-images\/","url":"https:\/\/marvero.it\/fr\/droits-et-credits-des-images\/","name":"Droits et cr\u00e9dits des images - Marvero","isPartOf":{"@id":"https:\/\/marvero.it\/fr\/#website"},"datePublished":"2026-04-03T05:18:38+00:00","dateModified":"2026-04-03T05:21:54+00:00","breadcrumb":{"@id":"https:\/\/marvero.it\/fr\/droits-et-credits-des-images\/#breadcrumb"},"inLanguage":"fr-FR","potentialAction":[{"@type":"ReadAction","target":["https:\/\/marvero.it\/fr\/droits-et-credits-des-images\/"]}]},{"@type":"BreadcrumbList","@id":"https:\/\/marvero.it\/fr\/droits-et-credits-des-images\/#breadcrumb","itemListElement":[{"@type":"ListItem","position":1,"name":"Home","item":"https:\/\/marvero.it\/fr\/"},{"@type":"ListItem","position":2,"name":"Droits et cr\u00e9dits des images"}]},{"@type":"WebSite","@id":"https:\/\/marvero.it\/fr\/#website","url":"https:\/\/marvero.it\/fr\/","name":"Marvero","description":"","publisher":{"@id":"https:\/\/marvero.it\/fr\/#organization"},"potentialAction":[{"@type":"SearchAction","target":{"@type":"EntryPoint","urlTemplate":"https:\/\/marvero.it\/fr\/?s={search_term_string}"},"query-input":{"@type":"PropertyValueSpecification","valueRequired":true,"valueName":"search_term_string"}}],"inLanguage":"fr-FR"},{"@type":"Organization","@id":"https:\/\/marvero.it\/fr\/#organization","name":"Marvero","url":"https:\/\/marvero.it\/fr\/","logo":{"@type":"ImageObject","inLanguage":"fr-FR","@id":"https:\/\/marvero.it\/fr\/#\/schema\/logo\/image\/","url":"https:\/\/marvero.it\/wp-content\/uploads\/2022\/12\/logo_marvero.png","contentUrl":"https:\/\/marvero.it\/wp-content\/uploads\/2022\/12\/logo_marvero.png","width":318,"height":148,"caption":"Marvero"},"image":{"@id":"https:\/\/marvero.it\/fr\/#\/schema\/logo\/image\/"}}]}},"_links":{"self":[{"href":"https:\/\/marvero.it\/fr\/wp-json\/wp\/v2\/pages\/1745","targetHints":{"allow":["GET"]}}],"collection":[{"href":"https:\/\/marvero.it\/fr\/wp-json\/wp\/v2\/pages"}],"about":[{"href":"https:\/\/marvero.it\/fr\/wp-json\/wp\/v2\/types\/page"}],"author":[{"embeddable":true,"href":"https:\/\/marvero.it\/fr\/wp-json\/wp\/v2\/users\/1"}],"replies":[{"embeddable":true,"href":"https:\/\/marvero.it\/fr\/wp-json\/wp\/v2\/comments?post=1745"}],"version-history":[{"count":1,"href":"https:\/\/marvero.it\/fr\/wp-json\/wp\/v2\/pages\/1745\/revisions"}],"predecessor-version":[{"id":1746,"href":"https:\/\/marvero.it\/fr\/wp-json\/wp\/v2\/pages\/1745\/revisions\/1746"}],"wp:attachment":[{"href":"https:\/\/marvero.it\/fr\/wp-json\/wp\/v2\/media?parent=1745"}],"curies":[{"name":"wp","href":"https:\/\/api.w.org\/{rel}","templated":true}]}}